{"id":546,"date":"2018-05-29T10:51:39","date_gmt":"2018-05-29T08:51:39","guid":{"rendered":"http:\/\/relaunch2018.martin-austria.at\/?page_id=546"},"modified":"2022-09-06T08:57:42","modified_gmt":"2022-09-06T06:57:42","slug":"datenschutzerklaerung","status":"publish","type":"page","link":"https:\/\/www.martin-austria.at\/?page_id=546","title":{"rendered":"Datenschutzerkl\u00e4rung"},"content":{"rendered":"<h2>Wer wir sind<\/h2>\n<p>Die Adresse unserer Website ist: https:\/\/www.martin-austria.at.<\/p>\n<h2>Welche personenbezogenen Daten wir sammeln und warum wir sie sammeln<\/h2>\n<p><strong>Kontaktformulare<\/strong><\/p>\n<p>Alle Ihre in dem Formular ausgef\u00fcllten Daten werden auf unserer Website, unter Beachtung der gesetzlichen Datenschutzbestimmungen, zur Weiterverarbeitung gespeichert und regelm\u00e4\u00dfig gel\u00f6scht.<br \/>\nDiese Daten werden in Form einer E-Mail an unser B\u00fcro gesendet. Diese Mails werden auf unserem Server gespeichert. Ihre personenbezogenen Daten werden von uns nicht ohne Ihr Einverst\u00e4ndnis an Dritte weitergegeben.<br \/>\nUm Ihre Angaben selbst schon bei der \u00dcbertragung vor Zugriffen Dritter zu sch\u00fctzen verwenden wir Verschl\u00fcsselungsmethoden nach aktuellen Standards.<\/p>\n<p><strong>Cookies<\/strong><\/p>\n<p>Wir verwenden f\u00fcr den Datenschutzhinweis das Pulgin WP Cookie Banner. Damit dieser Hinweis nicht bei jedem Besuch unserer Website erscheint, werden Cookies gespeichert. Somit m\u00fcssen Sie diesen Hinweis nur einmal best\u00e4tigen. Sollten Sie Ihre Cookies l\u00f6schen m\u00fcssen Sie den Hinweis erneut best\u00e4tigen.<\/p>\n<p><strong>Eingebettete Inhalte von anderen Websites<\/strong><\/p>\n<p>Beitr\u00e4ge auf dieser Website k\u00f6nnen eingebettete Inhalte beinhalten (z. B. Videos, Bilder, Beitr\u00e4ge etc.). Eingebettete Inhalte von anderen Websites verhalten sich exakt so, als ob der Besucher die andere Website besucht h\u00e4tte.<br \/>\nDiese Websites k\u00f6nnen Daten \u00fcber Sie sammeln, Cookies benutzen, zus\u00e4tzliche Tracking-Dienste von Dritten einbetten und Ihre Interaktion mit diesem eingebetteten Inhalt aufzeichnen, inklusive Ihrer Interaktion mit dem eingebetteten Inhalt, falls Sie ein Konto haben und auf dieser Website angemeldet sind.<\/p>\n<p><strong>Mit wem wir Ihre Daten teilen<\/strong><\/p>\n<p>Ihre Daten werden von uns nicht ohne Ihr Einverst\u00e4ndnis an Dritte weitergegeben.<\/p>\n<p><strong>Welche Rechte Sie an Ihren Daten haben<\/strong><\/p>\n<p>Sie k\u00f6nnen die L\u00f6schung aller personenbezogenen Daten, die wir von Ihnen gespeichert haben, anfordern. Dies umfasst nicht die Daten, die wir aufgrund administrativer, rechtlicher oder sicherheitsrelevanter Notwendigkeiten aufbewahren m\u00fcssen.<\/p>\n<p><strong>Wie wir Ihre Daten sch\u00fctzen<\/strong><\/p>\n<p>Unsere Website ist verschl\u00fcsselt und mit einem starken Passwort gesch\u00fctzt.<\/p>\n","protected":false},"excerpt":{"rendered":"<p>Wer wir sind Die Adresse unserer Website ist: https:\/\/www.martin-austria.at. Welche personenbezogenen Daten wir sammeln und warum wir sie sammeln Kontaktformulare Alle Ihre in dem Formular ausgef\u00fcllten Daten werden auf unserer Website, unter Beachtung der gesetzlichen Datenschutzbestimmungen, zur Weiterverarbeitung gespeichert und regelm\u00e4\u00dfig gel\u00f6scht. Diese Daten werden in Form einer E-Mail an unser B\u00fcro gesendet. Diese Mails [&hellip;]<\/p>\n","protected":false},"author":1,"featured_media":0,"parent":0,"menu_order":0,"comment_status":"closed","ping_status":"closed","template":"","meta":{"footnotes":""},"class_list":["post-546","page","type-page","status-publish","hentry"],"_links":{"self":[{"href":"https:\/\/www.martin-austria.at\/index.php?rest_route=\/wp\/v2\/pages\/546","targetHints":{"allow":["GET"]}}],"collection":[{"href":"https:\/\/www.martin-austria.at\/index.php?rest_route=\/wp\/v2\/pages"}],"about":[{"href":"https:\/\/www.martin-austria.at\/index.php?rest_route=\/wp\/v2\/types\/page"}],"author":[{"embeddable":true,"href":"https:\/\/www.martin-austria.at\/index.php?rest_route=\/wp\/v2\/users\/1"}],"replies":[{"embeddable":true,"href":"https:\/\/www.martin-austria.at\/index.php?rest_route=%2Fwp%2Fv2%2Fcomments&post=546"}],"version-history":[{"count":5,"href":"https:\/\/www.martin-austria.at\/index.php?rest_route=\/wp\/v2\/pages\/546\/revisions"}],"predecessor-version":[{"id":827,"href":"https:\/\/www.martin-austria.at\/index.php?rest_route=\/wp\/v2\/pages\/546\/revisions\/827"}],"wp:attachment":[{"href":"https:\/\/www.martin-austria.at\/index.php?rest_route=%2Fwp%2Fv2%2Fmedia&parent=546"}],"curies":[{"name":"wp","href":"https:\/\/api.w.org\/{rel}","templated":true}]}}